{"id":57,"date":"2026-01-08T08:46:08","date_gmt":"2026-01-08T07:46:08","guid":{"rendered":"https:\/\/lydsnedkeriet.dk\/?page_id=57"},"modified":"2026-01-08T08:57:36","modified_gmt":"2026-01-08T07:57:36","slug":"om","status":"publish","type":"page","link":"https:\/\/lydsnedkeriet.dk\/?page_id=57","title":{"rendered":"Om"},"content":{"rendered":"\n<h2 class=\"wp-block-heading has-text-align-center\">Lydsnedkeriet<\/h2>\n\n\n\n<p class=\"has-drop-cap\">Lydsnedkeriet er beliggende i den vestlige del af Holstebro i et omr\u00e5de med liberale erhverv. Studiet er et professionelt og velrenommeret produktionsstudie med mere end 30 \u00e5rs erfaring indenfor lyd-produktion. Igennem alle \u00e5rerne har vi haft bes\u00f8g af dygtige folk med baggrund i musikmilj\u00f8et, multimedie- og radio\/tv-branchen.<\/p>\n\n\n\n<details class=\"wp-block-details is-layout-flow wp-block-details-is-layout-flow\"><summary>CD produktioner:<\/summary>\n<p>Musikalske visitkort, invitationer m.m.:<\/p>\n\n\n\n<p>Pr\u00e6sent\u00e9r din musik for spillesteder, bookingbureauer eller send en festlig invitation. Kun fantasien s\u00e6tter gr\u00e6nserne.<\/p>\n<\/details>\n\n\n\n<details class=\"wp-block-details is-layout-flow wp-block-details-is-layout-flow\"><summary>Musikalske visitkort, invitationer m.m.:<br><\/summary>\n<p>Pr\u00e6sent\u00e9r din musik for spillesteder, bookingbureauer eller send en festlig invitation. Kun fantasien s\u00e6tter gr\u00e6nserne.<\/p>\n\n\n\n<p><\/p>\n<\/details>\n\n\n\n<details class=\"wp-block-details is-layout-flow wp-block-details-is-layout-flow\"><summary>Polterabends og andre festligheder:<\/summary>\n<p>At indspille en sang ifm. en polterabend er meget popul\u00e6rt. Det kan g\u00f8res p\u00e5 mange m\u00e5der. M\u00e5ske den kommende brud vil synge den ultimative k\u00e6rlighedssang til sin kommende mand?<\/p>\n\n\n\n<p>Studiet har stor erfaring i afholdelse af polterabends. Disse produceres i forskellige udgaver og prisniveauer og kan derfor nemt tilpasses behov og \u00f8nsker. Husk blot altid p\u00e5 at det skal v\u00e6re sjovt at v\u00e6re med til og lytte til \u2013 ogs\u00e5 3 m\u00e5neder senere.<\/p>\n<\/details>\n\n\n\n<details class=\"wp-block-details is-layout-flow wp-block-details-is-layout-flow\"><summary>Digital rensning, overspilning m.m.:<\/summary>\n<p>Kan din gamle pladespiller ikke mere? F\u00e5r du b\u00e5ndsalat p\u00e5 den gamle kassettespiller? Studiet tilbyder overspilning af vinylplader, kassetteb\u00e5nd, spoleb\u00e5nd. G\u00f8r det inden det er for sent og inden de gamle indspilninger g\u00e5r til.<\/p>\n<\/details>\n\n\n\n<details class=\"wp-block-details is-layout-flow wp-block-details-is-layout-flow\"><summary>Speaks, vignetter, lydlogoer m.m.:<\/summary>\n<p>Studiet tilbyder indspilning af speaks til produktreklamer. Vi producerer b\u00e5de speakerdelen og musikdelen. Vi g\u00f8r meget ud af baggrundsmusikken, som i de fleste tilf\u00e6lde laves specielt. Det betyder s\u00e5 ogs\u00e5 en lidt h\u00f8jere pris. Men vi garanterer s\u00e5 ogs\u00e5 en bedre kvalitet og udbytte af reklamen. \u00d8nskes der eksklusivitet p\u00e5 musikken, k\u00f8bes s\u00e5 rettigheden hertil.<\/p>\n\n\n\n<p>Endvidere r\u00e5der studiet over et stort bibliotek af lydeffekter og prefabrikeret musik.<\/p>\n\n\n\n<p><\/p>\n<\/details>\n\n\n\n<details class=\"wp-block-details is-layout-flow wp-block-details-is-layout-flow\"><summary>PreMastering, remix, postproduction m.m.:<\/summary>\n<p>Det er vigtigt at f\u00e5 en premastering af en indspillet cd. Desv\u00e6rre springer mange dette punkt over. Nok n\u00e6rmest fordi man ikke lige ved hvad det nu skal g\u00f8re godt for. En premastering udligner niveauer, retter lidt p\u00e5 frekvenserne og sidst men ikke mindst &#8211; kompression.<\/p>\n\n\n\n<p>Studiet laver ogs\u00e5 remix. M\u00e5ske der skal krydres med ekstra trommeloops, guitarer der skal laves om eller et nummer helt skal \u00e6ndres. Det sidste kr\u00e6ver dog at vi har de originale spor at arbejde videre med.<\/p>\n<\/details>\n","protected":false},"excerpt":{"rendered":"<p>Lydsnedkeriet Lydsnedkeriet er beliggende i den vestlige del af Holstebro i et omr\u00e5de med liberale erhverv. Studiet er et professionelt og velrenommeret produktionsstudie med mere end 30 \u00e5rs erfaring indenfor lyd-produktion. Igennem alle \u00e5rerne har vi haft bes\u00f8g af dygtige folk med baggrund i musikmilj\u00f8et, multimedie- og radio\/tv-branchen.<\/p>\n","protected":false},"author":1,"featured_media":0,"parent":0,"menu_order":0,"comment_status":"closed","ping_status":"closed","template":"","meta":{"footnotes":""},"class_list":["post-57","page","type-page","status-publish","hentry"],"_links":{"self":[{"href":"https:\/\/lydsnedkeriet.dk\/index.php?rest_route=\/wp\/v2\/pages\/57","targetHints":{"allow":["GET"]}}],"collection":[{"href":"https:\/\/lydsnedkeriet.dk\/index.php?rest_route=\/wp\/v2\/pages"}],"about":[{"href":"https:\/\/lydsnedkeriet.dk\/index.php?rest_route=\/wp\/v2\/types\/page"}],"author":[{"embeddable":true,"href":"https:\/\/lydsnedkeriet.dk\/index.php?rest_route=\/wp\/v2\/users\/1"}],"replies":[{"embeddable":true,"href":"https:\/\/lydsnedkeriet.dk\/index.php?rest_route=%2Fwp%2Fv2%2Fcomments&post=57"}],"version-history":[{"count":5,"href":"https:\/\/lydsnedkeriet.dk\/index.php?rest_route=\/wp\/v2\/pages\/57\/revisions"}],"predecessor-version":[{"id":67,"href":"https:\/\/lydsnedkeriet.dk\/index.php?rest_route=\/wp\/v2\/pages\/57\/revisions\/67"}],"wp:attachment":[{"href":"https:\/\/lydsnedkeriet.dk\/index.php?rest_route=%2Fwp%2Fv2%2Fmedia&parent=57"}],"curies":[{"name":"wp","href":"https:\/\/api.w.org\/{rel}","templated":true}]}}