{"id":46,"date":"2026-01-07T21:06:29","date_gmt":"2026-01-07T20:06:29","guid":{"rendered":"https:\/\/lydsnedkeriet.dk\/?page_id=46"},"modified":"2026-01-08T08:47:32","modified_gmt":"2026-01-08T07:47:32","slug":"lydsnedkeriet","status":"publish","type":"page","link":"https:\/\/lydsnedkeriet.dk\/","title":{"rendered":"Lydsnedkeriet"},"content":{"rendered":"\n<blockquote class=\"wp-block-quote is-layout-flow wp-block-quote-is-layout-flow\">\n<p>Lydsnedkeriet er beliggende i den vestlige del af Holstebro i et omr\u00e5de med liberale erhverv. Studiet er et professionelt og velrenommeret&nbsp;produktionsstudie med mere end 30 \u00e5rs erfaring indenfor lyd-produktion. Igennem alle \u00e5rerne har vi haft bes\u00f8g af dygtige folk med baggrund i musikmilj\u00f8et, multimedie- og radio\/tv-branchen.<\/p>\n\n\n\n<p>Se mere under fanen <a href=\"https:\/\/lydsnedkeriet.dk\/?page_id=57\" data-type=\"page\" data-id=\"57\">&#8220;Om&#8221;<\/a><\/p>\n<\/blockquote>\n","protected":false},"excerpt":{"rendered":"<p>Lydsnedkeriet er beliggende i den vestlige del af Holstebro i et omr\u00e5de med liberale erhverv. Studiet er et professionelt og velrenommeret&nbsp;produktionsstudie med mere end 30 \u00e5rs erfaring indenfor lyd-produktion. Igennem alle \u00e5rerne har vi haft bes\u00f8g af dygtige folk med baggrund i musikmilj\u00f8et, multimedie- og radio\/tv-branchen. Se mere under fanen &#8220;Om&#8221;<\/p>\n","protected":false},"author":1,"featured_media":0,"parent":0,"menu_order":0,"comment_status":"closed","ping_status":"closed","template":"","meta":{"footnotes":""},"class_list":["post-46","page","type-page","status-publish","hentry"],"_links":{"self":[{"href":"https:\/\/lydsnedkeriet.dk\/index.php?rest_route=\/wp\/v2\/pages\/46","targetHints":{"allow":["GET"]}}],"collection":[{"href":"https:\/\/lydsnedkeriet.dk\/index.php?rest_route=\/wp\/v2\/pages"}],"about":[{"href":"https:\/\/lydsnedkeriet.dk\/index.php?rest_route=\/wp\/v2\/types\/page"}],"author":[{"embeddable":true,"href":"https:\/\/lydsnedkeriet.dk\/index.php?rest_route=\/wp\/v2\/users\/1"}],"replies":[{"embeddable":true,"href":"https:\/\/lydsnedkeriet.dk\/index.php?rest_route=%2Fwp%2Fv2%2Fcomments&post=46"}],"version-history":[{"count":6,"href":"https:\/\/lydsnedkeriet.dk\/index.php?rest_route=\/wp\/v2\/pages\/46\/revisions"}],"predecessor-version":[{"id":59,"href":"https:\/\/lydsnedkeriet.dk\/index.php?rest_route=\/wp\/v2\/pages\/46\/revisions\/59"}],"wp:attachment":[{"href":"https:\/\/lydsnedkeriet.dk\/index.php?rest_route=%2Fwp%2Fv2%2Fmedia&parent=46"}],"curies":[{"name":"wp","href":"https:\/\/api.w.org\/{rel}","templated":true}]}}